{"id":8,"date":"2021-06-15T07:44:17","date_gmt":"2021-06-15T06:44:17","guid":{"rendered":"https:\/\/ricouconstruction.fr\/?page_id=8"},"modified":"2021-06-16T11:06:16","modified_gmt":"2021-06-16T09:06:16","slug":"contact","status":"publish","type":"page","link":"https:\/\/ricouconstruction.fr\/?page_id=8","title":{"rendered":""},"content":{"rendered":"\n<hr class=\"wp-block-separator has-text-color has-background has-primary-background-color has-primary-color is-style-wide\" \/>\n\n\n\n<p class=\"has-text-align-center has-primary-color has-text-color wp-block-paragraph\" style=\"font-size:50px;\"><span style=\"text-decoration:underline;\">Nos r\u00e9novations :<\/span><\/p>\n\n\n\n<hr class=\"wp-block-separator has-text-color has-background has-primary-background-color has-primary-color is-style-wide\" \/>\n\n\n\n<div style=\"height:100px;\" aria-hidden=\"true\" class=\"wp-block-spacer\"><\/div>\n\n\n\n<div class=\"wp-block-columns alignfull has-background is-layout-flex wp-container-core-columns-is-layout-7387b849 wp-block-columns-is-layout-flex\" style=\"background-color:#cfcfcf;\">\n<div class=\"wp-block-column is-layout-flow wp-block-column-is-layout-flow\">\n<div class=\"wp-block-jetpack-slideshow aligncenter\" data-autoplay=\"true\" data-delay=\"2\" data-effect=\"slide\"><div class=\"wp-block-jetpack-slideshow_container swiper-container\"><ul class=\"wp-block-jetpack-slideshow_swiper-wrapper swiper-wrapper\"><li class=\"wp-block-jetpack-slideshow_slide swiper-slide\"><figure><img data-recalc-dims=\"1\" loading=\"lazy\" decoding=\"async\" width=\"711\" height=\"400\" alt=\"\" class=\"wp-block-jetpack-slideshow_image wp-image-276\" data-id=\"276\" src=\"https:\/\/i0.wp.com\/ricouconstruction.fr\/wp-content\/uploads\/2021\/06\/4b9a9-image-1.jpg?resize=711%2C400&#038;ssl=1\" \/><figcaption class=\"wp-block-jetpack-slideshow_caption gallery-caption\">APRES<\/figcaption><\/figure><\/li><li class=\"wp-block-jetpack-slideshow_slide swiper-slide\"><figure><img data-recalc-dims=\"1\" loading=\"lazy\" decoding=\"async\" width=\"711\" height=\"400\" alt=\"\" class=\"wp-block-jetpack-slideshow_image wp-image-273\" data-id=\"273\" src=\"https:\/\/i0.wp.com\/ricouconstruction.fr\/wp-content\/uploads\/2021\/06\/2d5c7-image.jpg?resize=711%2C400&#038;ssl=1\" \/><figcaption class=\"wp-block-jetpack-slideshow_caption gallery-caption\">APRES<\/figcaption><\/figure><\/li><li class=\"wp-block-jetpack-slideshow_slide swiper-slide\"><figure><img data-recalc-dims=\"1\" loading=\"lazy\" decoding=\"async\" width=\"750\" height=\"500\" alt=\"\" class=\"wp-block-jetpack-slideshow_image wp-image-275\" data-id=\"275\" src=\"https:\/\/i0.wp.com\/ricouconstruction.fr\/wp-content\/uploads\/2021\/06\/84ce9-a521b449-ce7d-4965-9a10-c3e303c9344b.jpg?resize=750%2C500&#038;ssl=1\" \/><figcaption class=\"wp-block-jetpack-slideshow_caption gallery-caption\">AVANT\n<\/figcaption><\/figure><\/li><li class=\"wp-block-jetpack-slideshow_slide swiper-slide\"><figure><img data-recalc-dims=\"1\" loading=\"lazy\" decoding=\"async\" width=\"660\" height=\"372\" alt=\"\" class=\"wp-block-jetpack-slideshow_image wp-image-272\" data-id=\"272\" src=\"https:\/\/i0.wp.com\/ricouconstruction.fr\/wp-content\/uploads\/2021\/06\/1e457-apres-les-derniers-travaux-et-le-feu-vert-de-la-commission_2360033_660x372.jpg?resize=660%2C372&#038;ssl=1\" \/><figcaption class=\"wp-block-jetpack-slideshow_caption gallery-caption\">PENDANT<\/figcaption><\/figure><\/li><li class=\"wp-block-jetpack-slideshow_slide swiper-slide\"><figure><img data-recalc-dims=\"1\" loading=\"lazy\" decoding=\"async\" width=\"259\" height=\"194\" alt=\"\" class=\"wp-block-jetpack-slideshow_image wp-image-279\" data-id=\"279\" src=\"https:\/\/i0.wp.com\/ricouconstruction.fr\/wp-content\/uploads\/2021\/06\/541de-images-e1623157817275.jpg?resize=259%2C194&#038;ssl=1\" \/><figcaption class=\"wp-block-jetpack-slideshow_caption gallery-caption\">APRES<\/figcaption><\/figure><\/li><\/ul><a class=\"wp-block-jetpack-slideshow_button-prev swiper-button-prev swiper-button-white\" role=\"button\"><\/a><a class=\"wp-block-jetpack-slideshow_button-next swiper-button-next swiper-button-white\" role=\"button\"><\/a><a aria-label=\"Pause Slideshow\" class=\"wp-block-jetpack-slideshow_button-pause\" role=\"button\"><\/a><div class=\"wp-block-jetpack-slideshow_pagination swiper-pagination swiper-pagination-white\"><\/div><\/div><\/div>\n<\/div>\n\n\n\n<div class=\"wp-block-column is-vertically-aligned-center is-layout-flow wp-block-column-is-layout-flow\">\n<p class=\"has-text-align-left wp-block-paragraph\" style=\"font-size:25px;\"><strong><span style=\"text-decoration:underline;\">Gare de Scrignac :<\/span><\/strong><\/p>\n\n\n\n<p class=\"has-text-align-left wp-block-paragraph\" style=\"font-size:17px;\">Nous avons, en 2016, r\u00e9nover et r\u00e9habiliter la gare de Scrignac afin d\u2019en faire un g\u00eete. Les travaux ont dur\u00e9 10 mois.&nbsp;<\/p>\n\n\n\n<p class=\"has-text-align-left wp-block-paragraph\" style=\"font-size:17px;\">Voici quelques photos de l\u2019avant- apr\u00e8s.<\/p>\n<\/div>\n<\/div>\n\n\n\n<hr class=\"wp-block-separator has-text-color has-background has-primary-background-color has-primary-color is-style-dots\" \/>\n\n\n\n<div style=\"height:100px;\" aria-hidden=\"true\" class=\"wp-block-spacer\"><\/div>\n\n\n\n<div class=\"wp-block-columns alignfull has-background is-layout-flex wp-container-core-columns-is-layout-7387b849 wp-block-columns-is-layout-flex\" style=\"background-color:#cfcfcf;\">\n<div class=\"wp-block-column is-vertically-aligned-center is-layout-flow wp-block-column-is-layout-flow\">\n<p class=\"wp-block-paragraph\" style=\"font-size:25px;\"><strong><span style=\"text-decoration:underline;\">La maison des \u00e9cluses de Morlaix :&nbsp;<\/span><\/strong><\/p>\n\n\n\n<p class=\"wp-block-paragraph\" style=\"font-size:17px;\">Nous avons r\u00e9alis\u00e9 la r\u00e9novation de la maison des \u00e9cluses de Morlaix en 2014. Nos \u00e9quipes ont travaill\u00e9 13 mois. La maison de la mer accueille aujourd\u2019hui plusieurs associations de nautisme.&nbsp;<\/p>\n\n\n\n<p class=\"wp-block-paragraph\" style=\"font-size:17px;\">Voici quelques photos de l\u2019avant-apr\u00e8s<\/p>\n<\/div>\n\n\n\n<div class=\"wp-block-column is-layout-flow wp-block-column-is-layout-flow\">\n<div class=\"wp-block-jetpack-slideshow aligncenter\" data-autoplay=\"true\" data-delay=\"2\" data-effect=\"slide\"><div class=\"wp-block-jetpack-slideshow_container swiper-container\"><ul class=\"wp-block-jetpack-slideshow_swiper-wrapper swiper-wrapper\"><li class=\"wp-block-jetpack-slideshow_slide swiper-slide\"><figure><img data-recalc-dims=\"1\" loading=\"lazy\" decoding=\"async\" width=\"750\" height=\"1000\" alt=\"\" class=\"wp-block-jetpack-slideshow_image wp-image-289\" data-id=\"289\" src=\"https:\/\/i0.wp.com\/ricouconstruction.fr\/wp-content\/uploads\/2021\/06\/8c743-img_2770.jpg?resize=750%2C1000&#038;ssl=1\" \/><figcaption class=\"wp-block-jetpack-slideshow_caption gallery-caption\">PENDANT<\/figcaption><\/figure><\/li><li class=\"wp-block-jetpack-slideshow_slide swiper-slide\"><figure><img data-recalc-dims=\"1\" loading=\"lazy\" decoding=\"async\" width=\"750\" height=\"1000\" alt=\"\" class=\"wp-block-jetpack-slideshow_image wp-image-290\" data-id=\"290\" src=\"https:\/\/i0.wp.com\/ricouconstruction.fr\/wp-content\/uploads\/2021\/06\/71178-img_2765.jpg?resize=750%2C1000&#038;ssl=1\" \/><figcaption class=\"wp-block-jetpack-slideshow_caption gallery-caption\">PENDANT<\/figcaption><\/figure><\/li><li class=\"wp-block-jetpack-slideshow_slide swiper-slide\"><figure><img data-recalc-dims=\"1\" loading=\"lazy\" decoding=\"async\" width=\"750\" height=\"1000\" alt=\"\" class=\"wp-block-jetpack-slideshow_image wp-image-291\" data-id=\"291\" src=\"https:\/\/i0.wp.com\/ricouconstruction.fr\/wp-content\/uploads\/2021\/06\/c65ab-img_2767.jpg?resize=750%2C1000&#038;ssl=1\" \/><figcaption class=\"wp-block-jetpack-slideshow_caption gallery-caption\">PENDANT<\/figcaption><\/figure><\/li><li class=\"wp-block-jetpack-slideshow_slide swiper-slide\"><figure><img data-recalc-dims=\"1\" loading=\"lazy\" decoding=\"async\" width=\"750\" height=\"477\" alt=\"\" class=\"wp-block-jetpack-slideshow_image wp-image-292\" data-id=\"292\" src=\"https:\/\/i0.wp.com\/ricouconstruction.fr\/wp-content\/uploads\/2021\/06\/8b6d9-capture2.png?resize=750%2C477&#038;ssl=1\" \/><figcaption class=\"wp-block-jetpack-slideshow_caption gallery-caption\">APRES<\/figcaption><\/figure><\/li><li class=\"wp-block-jetpack-slideshow_slide swiper-slide\"><figure><img data-recalc-dims=\"1\" loading=\"lazy\" decoding=\"async\" width=\"750\" height=\"380\" alt=\"\" class=\"wp-block-jetpack-slideshow_image wp-image-288\" data-id=\"288\" src=\"https:\/\/i0.wp.com\/ricouconstruction.fr\/wp-content\/uploads\/2021\/06\/7c77c-capture1.png?resize=750%2C380&#038;ssl=1\" \/><figcaption class=\"wp-block-jetpack-slideshow_caption gallery-caption\">APRES<\/figcaption><\/figure><\/li><\/ul><a class=\"wp-block-jetpack-slideshow_button-prev swiper-button-prev swiper-button-white\" role=\"button\"><\/a><a class=\"wp-block-jetpack-slideshow_button-next swiper-button-next swiper-button-white\" role=\"button\"><\/a><a aria-label=\"Pause Slideshow\" class=\"wp-block-jetpack-slideshow_button-pause\" role=\"button\"><\/a><div class=\"wp-block-jetpack-slideshow_pagination swiper-pagination swiper-pagination-white\"><\/div><\/div><\/div>\n<\/div>\n<\/div>\n\n\n\n<hr class=\"wp-block-separator has-text-color has-background has-primary-background-color has-primary-color is-style-dots\" \/>\n\n\n\n<div style=\"height:100px;\" aria-hidden=\"true\" class=\"wp-block-spacer\"><\/div>\n\n\n\n<div class=\"wp-block-columns alignfull has-background is-layout-flex wp-container-core-columns-is-layout-7387b849 wp-block-columns-is-layout-flex\" style=\"background-color:#cfcfcf;\">\n<div class=\"wp-block-column is-layout-flow wp-block-column-is-layout-flow\">\n<div class=\"wp-block-jetpack-slideshow aligncenter\" data-autoplay=\"true\" data-delay=\"2\" data-effect=\"slide\"><div class=\"wp-block-jetpack-slideshow_container swiper-container\"><ul class=\"wp-block-jetpack-slideshow_swiper-wrapper swiper-wrapper\"><li class=\"wp-block-jetpack-slideshow_slide swiper-slide\"><figure><img data-recalc-dims=\"1\" loading=\"lazy\" decoding=\"async\" width=\"640\" height=\"480\" alt=\"\" class=\"wp-block-jetpack-slideshow_image wp-image-302\" data-id=\"302\" src=\"https:\/\/i0.wp.com\/ricouconstruction.fr\/wp-content\/uploads\/2021\/06\/674c8-cotonnec-derriere-avant.jpg?resize=640%2C480&#038;ssl=1\" \/><figcaption class=\"wp-block-jetpack-slideshow_caption gallery-caption\">AVANT<\/figcaption><\/figure><\/li><li class=\"wp-block-jetpack-slideshow_slide swiper-slide\"><figure><img data-recalc-dims=\"1\" loading=\"lazy\" decoding=\"async\" width=\"640\" height=\"480\" alt=\"\" class=\"wp-block-jetpack-slideshow_image wp-image-300\" data-id=\"300\" src=\"https:\/\/i0.wp.com\/ricouconstruction.fr\/wp-content\/uploads\/2021\/06\/bfe0f-cotonnec-facade-avant.jpg?resize=640%2C480&#038;ssl=1\" \/><figcaption class=\"wp-block-jetpack-slideshow_caption gallery-caption\">AVANT<\/figcaption><\/figure><\/li><li class=\"wp-block-jetpack-slideshow_slide swiper-slide\"><figure><img data-recalc-dims=\"1\" loading=\"lazy\" decoding=\"async\" width=\"640\" height=\"480\" alt=\"\" class=\"wp-block-jetpack-slideshow_image wp-image-301\" data-id=\"301\" src=\"https:\/\/i0.wp.com\/ricouconstruction.fr\/wp-content\/uploads\/2021\/06\/46cc5-cotonnec-derriere-apres.jpg?resize=640%2C480&#038;ssl=1\" \/><figcaption class=\"wp-block-jetpack-slideshow_caption gallery-caption\">APRES<\/figcaption><\/figure><\/li><li class=\"wp-block-jetpack-slideshow_slide swiper-slide\"><figure><img data-recalc-dims=\"1\" loading=\"lazy\" decoding=\"async\" width=\"640\" height=\"480\" alt=\"\" class=\"wp-block-jetpack-slideshow_image wp-image-299\" data-id=\"299\" src=\"https:\/\/i0.wp.com\/ricouconstruction.fr\/wp-content\/uploads\/2021\/06\/2b049-cotonnec-facade-apres.jpg?resize=640%2C480&#038;ssl=1\" \/><figcaption class=\"wp-block-jetpack-slideshow_caption gallery-caption\">APRES<\/figcaption><\/figure><\/li><\/ul><a class=\"wp-block-jetpack-slideshow_button-prev swiper-button-prev swiper-button-white\" role=\"button\"><\/a><a class=\"wp-block-jetpack-slideshow_button-next swiper-button-next swiper-button-white\" role=\"button\"><\/a><a aria-label=\"Pause Slideshow\" class=\"wp-block-jetpack-slideshow_button-pause\" role=\"button\"><\/a><div class=\"wp-block-jetpack-slideshow_pagination swiper-pagination swiper-pagination-white\"><\/div><\/div><\/div>\n<\/div>\n\n\n\n<div class=\"wp-block-column is-vertically-aligned-center is-layout-flow wp-block-column-is-layout-flow\">\n<p class=\"wp-block-paragraph\" style=\"font-size:25px;\"><strong><span style=\"text-decoration:underline;\">Maison de particuliers&nbsp; :&nbsp;<\/span><\/strong><\/p>\n\n\n\n<p class=\"wp-block-paragraph\" style=\"font-size:17px;\">En 2009, nous avons enti\u00e8rement r\u00e9nov\u00e9 une maison sur la commune de Plougonven. 8 mois de travail pour notre \u00e9quipe durant lesquels ils ont r\u00e9alis\u00e9 la r\u00e9novation de l\u2019int\u00e9rieur ainsi que la fa\u00e7ade.<\/p>\n\n\n\n<p class=\"wp-block-paragraph\" style=\"font-size:17px;\">Voici quelques photos de l\u2019avant-apr\u00e8s<\/p>\n<\/div>\n<\/div>\n\n\n\n<hr class=\"wp-block-separator has-text-color has-background has-primary-background-color has-primary-color is-style-dots\" \/>\n\n\n\n<div style=\"height:100px;\" aria-hidden=\"true\" class=\"wp-block-spacer\"><\/div>\n\n\n\n<div class=\"wp-block-columns alignfull has-background is-layout-flex wp-container-core-columns-is-layout-7387b849 wp-block-columns-is-layout-flex\" style=\"background-color:#cfcfcf;\">\n<div class=\"wp-block-column is-vertically-aligned-center is-layout-flow wp-block-column-is-layout-flow\">\n<p class=\"wp-block-paragraph\" style=\"font-size:17px;\">En ce moment, nous r\u00e9alisons la r\u00e9novation et la r\u00e9habilitation de l\u2019ancienne poste de Ploun\u00e9our-M\u00e9nez en pole culturel.<\/p>\n<\/div>\n\n\n\n<div class=\"wp-block-column is-layout-flow wp-block-column-is-layout-flow\">\n<div class=\"wp-block-jetpack-slideshow aligncenter\" data-autoplay=\"true\" data-delay=\"2\" data-effect=\"slide\"><div class=\"wp-block-jetpack-slideshow_container swiper-container\"><ul class=\"wp-block-jetpack-slideshow_swiper-wrapper swiper-wrapper\"><li class=\"wp-block-jetpack-slideshow_slide swiper-slide\"><figure><img data-recalc-dims=\"1\" loading=\"lazy\" decoding=\"async\" width=\"750\" height=\"489\" alt=\"\" class=\"wp-block-jetpack-slideshow_image wp-image-104\" data-id=\"104\" src=\"https:\/\/i0.wp.com\/ricouconstruction.fr\/wp-content\/uploads\/2021\/06\/74eda-capture-e1623057161498.png?resize=750%2C489&#038;ssl=1\" \/><\/figure><\/li><\/ul><a class=\"wp-block-jetpack-slideshow_button-prev swiper-button-prev swiper-button-white\" role=\"button\"><\/a><a class=\"wp-block-jetpack-slideshow_button-next swiper-button-next swiper-button-white\" role=\"button\"><\/a><a aria-label=\"Pause Slideshow\" class=\"wp-block-jetpack-slideshow_button-pause\" role=\"button\"><\/a><div class=\"wp-block-jetpack-slideshow_pagination swiper-pagination swiper-pagination-white\"><\/div><\/div><\/div>\n<\/div>\n<\/div>\n\n\n\n<div style=\"height:100px;\" aria-hidden=\"true\" class=\"wp-block-spacer\"><\/div>\n\n\n\n<div class=\"wp-block-columns alignfull is-layout-flex wp-container-core-columns-is-layout-7387b849 wp-block-columns-is-layout-flex\">\n<div class=\"wp-block-column is-vertically-aligned-center has-background is-layout-flow wp-block-column-is-layout-flow\" style=\"background-color:#cfcfcf;\">\n<p class=\"has-text-align-center has-background wp-block-paragraph\" style=\"background-color:#cfcfcf;\"><a href=\"https:\/\/ricouconstruction.fr\/950-2\/\" target=\"_blank\" rel=\"noreferrer noopener\">Mentions L\u00e9gales<\/a>\u2013 <a rel=\"noreferrer noopener\" href=\"https:\/\/ricouconstruction.fr\/articles-de-presse-2\/\" target=\"_blank\">Articles de presse<\/a><\/p>\n\n\n\n<p class=\"has-text-align-center wp-block-paragraph\">RICOU PERE ET FILS \u2013 Rue des Erables \u2013 ZA de Kervanon \u2013 29610 Plouigneau \u2013 02.98.78.62.27 \u2013 <a href=\"mailto:sarl.ricou@wanadoo.fr\" target=\"_blank\" rel=\"noreferrer noopener\">sarl.ricou@wanadoo.fr<\/a><\/p>\n<\/div>\n<\/div>\n\n\n\n<p class=\"wp-block-paragraph\"><\/p>\n","protected":false},"excerpt":{"rendered":"<p>Nos r\u00e9novations : Gare de Scrignac : Nous avons, en 2016, r\u00e9nover et r\u00e9habiliter la gare de Scrignac afin d\u2019en faire un g\u00eete. Les travaux ont dur\u00e9 10 mois.&nbsp; Voici quelques photos de l\u2019avant- apr\u00e8s. La maison des \u00e9cluses de Morlaix :&nbsp; Nous avons r\u00e9alis\u00e9 la r\u00e9novation de la maison des \u00e9cluses de Morlaix en<a class=\"more-link\" href=\"https:\/\/ricouconstruction.fr\/?page_id=8\">Lire la suite <\/a><\/p>\n","protected":false},"author":207747822,"featured_media":0,"parent":0,"menu_order":0,"comment_status":"closed","ping_status":"closed","template":"","meta":{"_coblocks_attr":"","_coblocks_dimensions":"","_coblocks_responsive_height":"","_coblocks_accordion_ie_support":"","_crdt_document":"","advanced_seo_description":"","jetpack_seo_html_title":"","jetpack_seo_noindex":false,"footnotes":""},"class_list":["post-8","page","type-page","status-publish","hentry","entry"],"jetpack_likes_enabled":null,"jetpack_sharing_enabled":false,"jetpack_shortlink":"https:\/\/wp.me\/Pd9Ai9-8","amp_enabled":true,"_links":{"self":[{"href":"https:\/\/ricouconstruction.fr\/index.php?rest_route=\/wp\/v2\/pages\/8","targetHints":{"allow":["GET"]}}],"collection":[{"href":"https:\/\/ricouconstruction.fr\/index.php?rest_route=\/wp\/v2\/pages"}],"about":[{"href":"https:\/\/ricouconstruction.fr\/index.php?rest_route=\/wp\/v2\/types\/page"}],"author":[{"embeddable":true,"href":"https:\/\/ricouconstruction.fr\/index.php?rest_route=\/wp\/v2\/users\/207747822"}],"replies":[{"embeddable":true,"href":"https:\/\/ricouconstruction.fr\/index.php?rest_route=%2Fwp%2Fv2%2Fcomments&post=8"}],"version-history":[{"count":19,"href":"https:\/\/ricouconstruction.fr\/index.php?rest_route=\/wp\/v2\/pages\/8\/revisions"}],"predecessor-version":[{"id":985,"href":"https:\/\/ricouconstruction.fr\/index.php?rest_route=\/wp\/v2\/pages\/8\/revisions\/985"}],"wp:attachment":[{"href":"https:\/\/ricouconstruction.fr\/index.php?rest_route=%2Fwp%2Fv2%2Fmedia&parent=8"}],"curies":[{"name":"wp","href":"https:\/\/api.w.org\/{rel}","templated":true}]}}