{"id":777,"date":"2021-06-15T09:07:56","date_gmt":"2021-06-15T07:07:56","guid":{"rendered":"https:\/\/ricouconstruction.fr\/?page_id=777"},"modified":"2021-08-28T09:22:51","modified_gmt":"2021-08-28T07:22:51","slug":"contact-3","status":"publish","type":"page","link":"https:\/\/ricouconstruction.fr\/?page_id=777","title":{"rendered":""},"content":{"rendered":"\n<hr class=\"wp-block-separator has-text-color has-background has-primary-background-color has-primary-color is-style-wide\"\/>\n\n\n\n<p class=\"has-text-align-center has-primary-color has-text-color wp-block-paragraph\" style=\"font-size:50px\"><span style=\"text-decoration:underline;\">Nous contacter :<\/span><\/p>\n\n\n\n<hr class=\"wp-block-separator has-text-color has-background has-primary-background-color has-primary-color is-style-wide\"\/>\n\n\n\n<div style=\"height:100px\" aria-hidden=\"true\" class=\"wp-block-spacer\"><\/div>\n\n\n\n<p class=\"has-text-align-center wp-block-paragraph\">N\u2019h\u00e9sitez pas \u00e0 nous contacter en utilisant les coordonn\u00e9es ci-dessous ou en envoyant un message \u00e0 l\u2019aide du formulaire.<\/p>\n\n\n\n<div class=\"wp-block-columns alignfull has-background is-layout-flex wp-container-core-columns-is-layout-7387b849 wp-block-columns-is-layout-flex\" style=\"background-color:#cfcfcf\">\n<div class=\"wp-block-column is-layout-flow wp-block-column-is-layout-flow\">\n<p class=\"has-text-align-center wp-block-paragraph\" style=\"font-size:40px\">Contactez-nous&nbsp;<\/p>\n\n\n\n<p class=\"has-text-align-center wp-block-paragraph\" style=\"font-size:30px\">Adresse :&nbsp;<\/p>\n\n\n\n<p class=\"wp-block-paragraph\"><\/p>\n\n\n\n<div class=\"wp-block-jetpack-contact-info\">\n<div class=\"wp-block-jetpack-address\"><a href=\"https:\/\/www.google.com\/maps\/search\/Rue+des Erables,Zone Artisanale de Kervanon,+PLOUIGNEAU,+29610+FRANCE\" target=\"_blank\" rel=\"noopener noreferrer\" title=\"Ouvrir l\u2019adresse dans Google Maps\"><div class=\"jetpack-address__address jetpack-address__address1\">Rue des Erables<\/div><div class=\"jetpack-address__address jetpack-address__address2\">Zone Artisanale de Kervanon<\/div><div><span class=\"jetpack-address__city\">PLOUIGNEAU<\/span>, <span class=\"jetpack-address__region\"><\/span> <span class=\"jetpack-address__postal\">29610<\/span><\/div><div class=\"jetpack-address__country\">FRANCE<\/div><\/a><\/div>\n<\/div>\n\n\n\n<p class=\"has-text-align-center wp-block-paragraph\" style=\"font-size:30px\">Num\u00e9ro de t\u00e9l\u00e9phone :&nbsp;<\/p>\n\n\n\n<p class=\"has-text-align-center wp-block-paragraph\"><strong>02.98.78.62.27<\/strong><\/p>\n\n\n\n<div class=\"wp-block-image\"><figure class=\"aligncenter is-resized\"><img loading=\"lazy\" decoding=\"async\" src=\"https:\/\/lh3.googleusercontent.com\/Bhx3gqZuO_XRjNWvcW8W_-RrSi97qbcokaal1i1AMDmwzRpfH1k6N6hnPQp1ejy60luI1BNVrAa7S0icW29pUvEQ5zsv5CI2v15vwojbBlYYvLyT6sCXWunEnv6rvoEMLKZGCQgf\" alt=\"\" width=\"549\" height=\"333\"\/><\/figure><\/div>\n<\/div>\n\n\n\n<div class=\"wp-block-column is-layout-flow wp-block-column-is-layout-flow\"><div class=\"wp-block-jetpack-contact-form is-layout-flex wp-container-jetpack-contact-form-is-layout-b9bba262 wp-block-jetpack-contact-form-is-layout-flex\"><a href=\"https:\/\/ricouconstruction.fr\/?page_id=777\" target=\"_blank\" rel=\"noopener noreferrer\">Soumettre un formulaire.<\/a><\/div><\/div>\n<\/div>\n\n\n\n<hr class=\"wp-block-separator has-text-color has-background has-primary-background-color has-primary-color is-style-dots\"\/>\n\n\n\n<div style=\"height:100px\" aria-hidden=\"true\" class=\"wp-block-spacer\"><\/div>\n\n\n\n<div class=\"wp-block-columns alignwide has-background is-layout-flex wp-container-core-columns-is-layout-7387b849 wp-block-columns-is-layout-flex\" style=\"background-color:#cfcfcf\">\n<div class=\"wp-block-column is-vertically-aligned-center is-layout-flow wp-block-column-is-layout-flow\">\n<p class=\"has-text-align-center wp-block-paragraph\" style=\"font-size:60px\"><strong>VOTRE AVIS NOUS INTERESSE !&nbsp;<\/strong><\/p>\n\n\n\n<p class=\"has-text-align-center wp-block-paragraph\">N\u2019h\u00e9sitez pas \u00e0 nous laisser un commentaire en clignant sur le bouton juste en dessous<\/p>\n<\/div>\n<\/div>\n\n\n\n<div class=\"wp-block-buttons is-content-justification-center is-layout-flex wp-block-buttons-is-layout-flex\">\n<div class=\"wp-block-button is-style-fill\"><a class=\"wp-block-button__link has-primary-background-color has-background\" href=\"https:\/\/www.google.com\/search?q=ricou+construction&amp;tbm=lcl&amp;sxsrf=ALeKk01-fK2-HP1iaj27Gx8heofW-7DJPg%3A1623834858539&amp;ei=6sDJYMCrIITmU63Zh8gP&amp;oq=Ricou+co&amp;gs_l=psy-ab.3.0.35i39k1l2j0l2j0i22i30k1l5j0i22i10i30k1.52610.61898.0.63522.23.16.7.0.0.0.204.1905.0j11j1.13.0....0...1.1.64.psy-ab..4.18.1900.10..0i67k1j0i433k1j35i362i39k1j0i433i10k1j0i10k1j0i203k1j0i263i20k1.287.YWJKT804if8#lrd=0x48116514c5e38f5b:0x813e7b2f0262bb34,1,,,&amp;rlfi=hd:;si:9313016521282468660,l,ChJyaWNvdSBjb25zdHJ1Y3Rpb25aHCIScmljb3UgY29uc3RydWN0aW9uKgYIAhAAEAGSARJtYXNvbnJ5X2NvbnRyYWN0b3I;mv:[[48.5739727,-3.7139415],[48.5725224,-3.7156558]]\" target=\"_blank\" rel=\"noreferrer noopener\">D\u00e9pos\u00e9 un avis<\/a><\/div>\n<\/div>\n\n\n\n<div style=\"height:100px\" aria-hidden=\"true\" class=\"wp-block-spacer\"><\/div>\n\n\n\n<div class=\"wp-block-columns alignfull has-background is-layout-flex wp-container-core-columns-is-layout-7387b849 wp-block-columns-is-layout-flex\" style=\"background-color:#cfcfcf\">\n<div class=\"wp-block-column is-vertically-aligned-center is-layout-flow wp-block-column-is-layout-flow\">\n<p class=\"has-text-align-center wp-block-paragraph\"><a href=\"https:\/\/ricouconstruction.fr\/950-2\/\" target=\"_blank\" rel=\"noreferrer noopener\">Mentions L\u00e9gales<\/a>\u2013 <a rel=\"noreferrer noopener\" href=\"https:\/\/ricouconstruction.fr\/articles-de-presse-2\/\" target=\"_blank\">Articles de presse<\/a><\/p>\n\n\n\n<p class=\"has-text-align-center wp-block-paragraph\">RICOU PERE ET FILS \u2013 Rue des Erables \u2013 ZA de Kervanon \u2013 29610 Plouigneau \u2013 02.98.78.62.27 \u2013 <a href=\"mailto:sarl.ricou@wanadoo.fr\" target=\"_blank\" rel=\"noreferrer noopener\">sarl.ricou@wanadoo.fr<\/a><\/p>\n<\/div>\n<\/div>\n","protected":false},"excerpt":{"rendered":"<p>Nous contacter : N\u2019h\u00e9sitez pas \u00e0 nous contacter en utilisant les coordonn\u00e9es ci-dessous ou en envoyant un message \u00e0 l\u2019aide du formulaire. Contactez-nous&nbsp; Adresse :&nbsp; Num\u00e9ro de t\u00e9l\u00e9phone :&nbsp; 02.98.78.62.27 VOTRE AVIS NOUS INTERESSE !&nbsp; N\u2019h\u00e9sitez pas \u00e0 nous laisser un commentaire en clignant sur le bouton juste en dessous Mentions L\u00e9gales\u2013 Articles de presse<a class=\"more-link\" href=\"https:\/\/ricouconstruction.fr\/?page_id=777\">Lire la suite <\/a><\/p>\n","protected":false},"author":207747822,"featured_media":0,"parent":0,"menu_order":0,"comment_status":"closed","ping_status":"closed","template":"","meta":{"_coblocks_attr":"","_coblocks_dimensions":"","_coblocks_responsive_height":"","_coblocks_accordion_ie_support":"","_crdt_document":"","advanced_seo_description":"","jetpack_seo_html_title":"","jetpack_seo_noindex":false,"footnotes":""},"class_list":["post-777","page","type-page","status-publish","hentry","entry"],"jetpack_likes_enabled":true,"jetpack_sharing_enabled":true,"jetpack_shortlink":"https:\/\/wp.me\/Pd9Ai9-cx","amp_enabled":true,"_links":{"self":[{"href":"https:\/\/ricouconstruction.fr\/index.php?rest_route=\/wp\/v2\/pages\/777","targetHints":{"allow":["GET"]}}],"collection":[{"href":"https:\/\/ricouconstruction.fr\/index.php?rest_route=\/wp\/v2\/pages"}],"about":[{"href":"https:\/\/ricouconstruction.fr\/index.php?rest_route=\/wp\/v2\/types\/page"}],"author":[{"embeddable":true,"href":"https:\/\/ricouconstruction.fr\/index.php?rest_route=\/wp\/v2\/users\/207747822"}],"replies":[{"embeddable":true,"href":"https:\/\/ricouconstruction.fr\/index.php?rest_route=%2Fwp%2Fv2%2Fcomments&post=777"}],"version-history":[{"count":21,"href":"https:\/\/ricouconstruction.fr\/index.php?rest_route=\/wp\/v2\/pages\/777\/revisions"}],"predecessor-version":[{"id":1053,"href":"https:\/\/ricouconstruction.fr\/index.php?rest_route=\/wp\/v2\/pages\/777\/revisions\/1053"}],"wp:attachment":[{"href":"https:\/\/ricouconstruction.fr\/index.php?rest_route=%2Fwp%2Fv2%2Fmedia&parent=777"}],"curies":[{"name":"wp","href":"https:\/\/api.w.org\/{rel}","templated":true}]}}