{"id":6,"date":"2021-06-15T08:44:19","date_gmt":"2021-06-15T06:44:19","guid":{"rendered":"https:\/\/ricouconstruction.fr\/?page_id=6"},"modified":"2021-08-28T09:21:54","modified_gmt":"2021-08-28T07:21:54","slug":"home","status":"publish","type":"page","link":"https:\/\/ricouconstruction.fr\/","title":{"rendered":""},"content":{"rendered":"\n<p class=\"wp-block-paragraph\"> <\/p>\n\n\n\n<hr class=\"wp-block-separator alignwide has-text-color has-background has-primary-background-color has-primary-color is-style-wide\"\/>\n\n\n\n<div class=\"wp-block-image\"><figure class=\"aligncenter\"><img decoding=\"async\" src=\"https:\/\/lh6.googleusercontent.com\/e3LbVaLIK6TgJxcuNqi-Al3SNwuElXrit5wVUJeZ8SplmjjGvef7U2nDQQk7iqupQNjT2_SamGDb_SAZeJ5LJJvd-6lYIwa1FqDfIfBWszXJ6FZl2NDuI4DmQfsi3lnlut9RO7fz\" alt=\"Cette image a un attribut alt vide\u00a0; le nom du fichier est ricou_pere_et_fils_02919900_085352911-1.jpg\"\/><\/figure><\/div>\n\n\n\n<div style=\"height:1px\" aria-hidden=\"true\" class=\"wp-block-spacer\"><\/div>\n\n\n\n<hr class=\"wp-block-separator alignwide has-text-color has-background has-primary-background-color has-primary-color is-style-wide\"\/>\n\n\n\n<div style=\"height:100px\" aria-hidden=\"true\" class=\"wp-block-spacer\"><\/div>\n\n\n\n<div class=\"wp-block-columns alignfull has-background is-layout-flex wp-container-core-columns-is-layout-7387b849 wp-block-columns-is-layout-flex\" style=\"background-color:#cfcfcf\">\n<div class=\"wp-block-column is-layout-flow wp-block-column-is-layout-flow\">\n<p class=\"has-drop-cap has-text-align-left wp-block-paragraph\" style=\"font-size:25px\"><strong>R\u00e9novations<\/strong><\/p>\n\n\n\n<p class=\"has-text-align-left wp-block-paragraph\" style=\"font-size:17px\">Pour plus de confort \u00e9nerg\u00e9tique ou encore d&rsquo;esth\u00e9tique, la r\u00e9novation est aujourd&rsquo;hui courante et permet un agrandissement de la surface habitable tout en augmentant aussi la valeur du bien. Cela peut vous permettre de faire des \u00e9conomies de prix dans certains cas ou encore de rendre une maison plus moderne. La r\u00e9novation d\u2019une maison ancienne peut \u00eatre b\u00e9n\u00e9fique en termes de prix du fait de sa r\u00e9novation l\u2019isolation thermique ou encore sonore. Elle permet \u00e0 une famille de rendre son bien unique et personnalis\u00e9 \u00e0 leur guise.<\/p>\n\n\n\n<div style=\"height:1px\" aria-hidden=\"true\" class=\"wp-block-spacer\"><\/div>\n\n\n\n<div class=\"wp-block-cover\"><img decoding=\"async\" class=\"wp-block-cover__image-background\" alt=\"\" src=\"https:\/\/lh3.googleusercontent.com\/nlGkAZD5lwJNw2d457F6DPc4BsmLfZMWCcSzqy9lCHx5zRyD6AEMVZwBdVe15CToCdc6_JdApLZedby6Pn_whlK5MUWO8Eoh9TOQBPR2r7cwLm_Vni_cDwQ_v79puI1IwDEXF9us\" data-object-fit=\"cover\"\/><div class=\"wp-block-cover__inner-container is-layout-flow wp-block-cover-is-layout-flow\">\n<p class=\"has-large-font-size wp-block-paragraph\"><\/p>\n<\/div><\/div>\n\n\n\n<div class=\"wp-block-buttons is-content-justification-center is-layout-flex wp-block-buttons-is-layout-flex\">\n<div class=\"wp-block-button is-style-fill\"><a class=\"wp-block-button__link has-primary-background-color has-background\" href=\"https:\/\/ricouconstruction.fr\/?page_id=8\" rel=\"\">En savoir plus <\/a><\/div>\n<\/div>\n\n\n\n<div style=\"height:50px\" aria-hidden=\"true\" class=\"wp-block-spacer\"><\/div>\n<\/div>\n\n\n\n<div class=\"wp-block-column is-layout-flow wp-block-column-is-layout-flow\">\n<p class=\"has-drop-cap wp-block-paragraph\" style=\"font-size:25px\"><strong>March\u00e9s Publics<\/strong><\/p>\n\n\n\n<p class=\"wp-block-paragraph\" style=\"font-size:17px\">Les march\u00e9s publics sont des contrats conclus avec un organisme public afin de r\u00e9aliser des travaux de b\u00e2timents publics ou des logements appartenant \u00e0 des organismes publics. Cela permet aux diff\u00e9rentes entreprises ayant r\u00e9pondu \u00e0 l\u2019appel d\u2019offres de d\u00e9couvrir les autres et donc de se faire conna\u00eetre. Des r\u00e9unions chaque semaine avec l\u2019ensemble des artisans pr\u00e9sents sont n\u00e9cessaires pour v\u00e9rifier que tout se passe bien. En 2020, nous avons r\u00e9pondu \u00e0 une vingtaine d\u2019appels d\u2019offres.<\/p>\n\n\n\n<div style=\"height:28px\" aria-hidden=\"true\" class=\"wp-block-spacer\"><\/div>\n\n\n\n<div class=\"wp-block-cover\"><img decoding=\"async\" class=\"wp-block-cover__image-background\" alt=\"\" src=\"https:\/\/lh4.googleusercontent.com\/6iYKLPDfBeG4nzVNt4-Hn8aDRhlvvKtkS4pxWjrRjfGhMunEE1JRQzegZWWtMOLljnPzt36D-o26ayNZLcqGxAYEKGbaCYRd3XMc1Ipmwl1Ysfa90bAk80M5X_kX_l8_zmVnmjrQ\" data-object-fit=\"cover\"\/><div class=\"wp-block-cover__inner-container is-layout-flow wp-block-cover-is-layout-flow\">\n<p class=\"has-large-font-size wp-block-paragraph\"><\/p>\n<\/div><\/div>\n\n\n\n<div class=\"wp-block-buttons is-content-justification-center is-layout-flex wp-block-buttons-is-layout-flex\">\n<div class=\"wp-block-button is-style-fill\"><a class=\"wp-block-button__link has-primary-background-color has-background\" href=\"https:\/\/ricouconstruction.fr\/?page_id=772\" rel=\"\">En savoir plus <\/a><\/div>\n<\/div>\n\n\n\n<div style=\"height:50px\" aria-hidden=\"true\" class=\"wp-block-spacer\"><\/div>\n<\/div>\n\n\n\n<div class=\"wp-block-column is-layout-flow wp-block-column-is-layout-flow\">\n<p class=\"has-drop-cap wp-block-paragraph\" style=\"font-size:24px\"><strong>Maison individuelles<\/strong><\/p>\n\n\n\n<p class=\"wp-block-paragraph\" style=\"font-size:17px\">Pour vos envies de construction, nous sommes l\u00e0 pour vous accompagner et r\u00e9pondre \u00e0 votre demande. Nous serons \u00e0 l&rsquo;\u00e9coute de vos besoins, de votre budget, de vos go\u00fbts et aussi de vos d\u00e9lais afin de faire la maison qui vous correspond le mieux. Notre \u00e9quipe fera son maximum pour vous satisfaire et sera disponible pour vous si vous avez des questions. Que les plans soient r\u00e9alis\u00e9s par notre m\u00e9treur, ou que vous ayez fait appel \u00e0 un architecte ou dessinateur ext\u00e9rieur nous r\u00e9pondrons \u00e0 votre demande.<\/p>\n\n\n\n<div style=\"height:28px\" aria-hidden=\"true\" class=\"wp-block-spacer\"><\/div>\n\n\n\n<div class=\"wp-block-cover\"><img decoding=\"async\" class=\"wp-block-cover__image-background\" alt=\"\" src=\"https:\/\/lh3.googleusercontent.com\/6x_wnVZ8EDJ6yvmkT1HHfAi6FBFZx4owhVpbZvdOKCCiD8Cr3rHjbAW9NxMGoSJ7ywTx-TNpmtxrwen7f7ywytwi1BLa0R628_VicGRnrlK_70Ada-OkNgxqwzpNrNjCtoFNGqSX\" data-object-fit=\"cover\"\/><div class=\"wp-block-cover__inner-container is-layout-flow wp-block-cover-is-layout-flow\">\n<p class=\"has-large-font-size wp-block-paragraph\"><\/p>\n<\/div><\/div>\n\n\n\n<div class=\"wp-block-buttons is-content-justification-center is-layout-flex wp-block-buttons-is-layout-flex\">\n<div class=\"wp-block-button is-style-fill\"><a class=\"wp-block-button__link has-primary-background-color has-background\" href=\"https:\/\/ricouconstruction.fr\/?page_id=774\" rel=\"\">En savoir plus <\/a><\/div>\n<\/div>\n\n\n\n<div style=\"height:50px\" aria-hidden=\"true\" class=\"wp-block-spacer\"><\/div>\n<\/div>\n<\/div>\n\n\n\n<hr class=\"wp-block-separator has-text-color has-background has-primary-background-color has-primary-color is-style-dots\"\/>\n\n\n\n<div class=\"wp-block-columns alignfull are-vertically-aligned-center has-background is-layout-flex wp-container-core-columns-is-layout-7387b849 wp-block-columns-is-layout-flex\" style=\"background-color:#cfcfcf\">\n<div class=\"wp-block-column is-vertically-aligned-center is-layout-flow wp-block-column-is-layout-flow\">\n<p class=\"has-text-align-center wp-block-paragraph\" style=\"font-size:35px\">Vous avez des questions ?<\/p>\n\n\n\n<p class=\"has-text-align-center has-normal-font-size wp-block-paragraph\">N&rsquo;h\u00e9sitez pas \u00e0 nous contacter afin que nous puissions vous aider<\/p>\n<\/div>\n\n\n\n<div class=\"wp-block-column is-vertically-aligned-center is-layout-flow wp-block-column-is-layout-flow\">\n<div class=\"wp-block-buttons is-content-justification-center is-layout-flex wp-block-buttons-is-layout-flex\">\n<div class=\"wp-block-button is-style-fill\"><a class=\"wp-block-button__link has-primary-background-color has-background\" href=\"https:\/\/ricouconstruction.fr\/?page_id=777\" rel=\"\">Contacter nous !<\/a><\/div>\n<\/div>\n<\/div>\n<\/div>\n\n\n\n<hr class=\"wp-block-separator has-text-color has-background has-primary-background-color has-primary-color is-style-dots\"\/>\n\n\n\n<div class=\"wp-block-columns alignfull has-background is-layout-flex wp-container-core-columns-is-layout-7387b849 wp-block-columns-is-layout-flex\" style=\"background-color:#cfcfcf\">\n<div class=\"wp-block-column is-layout-flow wp-block-column-is-layout-flow\" style=\"flex-basis:100%\">\n<div class=\"wp-block-jetpack-slideshow aligncenter\" data-autoplay=\"true\" data-delay=\"2\" data-effect=\"slide\"><div class=\"wp-block-jetpack-slideshow_container swiper-container\"><ul class=\"wp-block-jetpack-slideshow_swiper-wrapper swiper-wrapper\"><li class=\"wp-block-jetpack-slideshow_slide swiper-slide\"><figure><img data-recalc-dims=\"1\" loading=\"lazy\" decoding=\"async\" width=\"750\" height=\"469\" alt=\"\" class=\"wp-block-jetpack-slideshow_image wp-image-408\" data-id=\"408\" src=\"https:\/\/i0.wp.com\/ricouconstruction.fr\/wp-content\/uploads\/2021\/06\/94e27-img_1008-1.jpg?resize=750%2C469&#038;ssl=1\" \/><\/figure><\/li><li class=\"wp-block-jetpack-slideshow_slide swiper-slide\"><figure><img data-recalc-dims=\"1\" loading=\"lazy\" decoding=\"async\" width=\"750\" height=\"469\" alt=\"\" class=\"wp-block-jetpack-slideshow_image wp-image-151\" data-id=\"151\" src=\"https:\/\/i0.wp.com\/ricouconstruction.fr\/wp-content\/uploads\/2021\/06\/656c0-capture-2.png?resize=750%2C469&#038;ssl=1\" \/><\/figure><\/li><li class=\"wp-block-jetpack-slideshow_slide swiper-slide\"><figure><img data-recalc-dims=\"1\" loading=\"lazy\" decoding=\"async\" width=\"750\" height=\"563\" alt=\"\" class=\"wp-block-jetpack-slideshow_image wp-image-153\" data-id=\"153\" src=\"https:\/\/i0.wp.com\/ricouconstruction.fr\/wp-content\/uploads\/2021\/06\/5ac5f-img_4578.jpg?resize=750%2C563&#038;ssl=1\" \/><\/figure><\/li><li class=\"wp-block-jetpack-slideshow_slide swiper-slide\"><figure><img data-recalc-dims=\"1\" loading=\"lazy\" decoding=\"async\" width=\"750\" height=\"563\" alt=\"\" class=\"wp-block-jetpack-slideshow_image wp-image-156\" data-id=\"156\" src=\"https:\/\/i0.wp.com\/ricouconstruction.fr\/wp-content\/uploads\/2021\/06\/aa151-img_7110.jpg?resize=750%2C563&#038;ssl=1\" \/><\/figure><\/li><li class=\"wp-block-jetpack-slideshow_slide swiper-slide\"><figure><img data-recalc-dims=\"1\" loading=\"lazy\" decoding=\"async\" width=\"750\" height=\"1000\" alt=\"\" class=\"wp-block-jetpack-slideshow_image wp-image-154\" data-id=\"154\" src=\"https:\/\/i0.wp.com\/ricouconstruction.fr\/wp-content\/uploads\/2021\/06\/3abba-img_4692.jpg?resize=750%2C1000&#038;ssl=1\" \/><\/figure><\/li><li class=\"wp-block-jetpack-slideshow_slide swiper-slide\"><figure><img data-recalc-dims=\"1\" loading=\"lazy\" decoding=\"async\" width=\"750\" height=\"563\" alt=\"\" class=\"wp-block-jetpack-slideshow_image wp-image-164\" data-id=\"164\" src=\"https:\/\/i0.wp.com\/ricouconstruction.fr\/wp-content\/uploads\/2021\/06\/26dcd-img_7194.jpg?resize=750%2C563&#038;ssl=1\" \/><\/figure><\/li><li class=\"wp-block-jetpack-slideshow_slide swiper-slide\"><figure><img data-recalc-dims=\"1\" loading=\"lazy\" decoding=\"async\" width=\"750\" height=\"563\" alt=\"\" class=\"wp-block-jetpack-slideshow_image wp-image-166\" data-id=\"166\" src=\"https:\/\/i0.wp.com\/ricouconstruction.fr\/wp-content\/uploads\/2021\/06\/65386-img_7332.jpg?resize=750%2C563&#038;ssl=1\" \/><\/figure><\/li><li class=\"wp-block-jetpack-slideshow_slide swiper-slide\"><figure><img data-recalc-dims=\"1\" loading=\"lazy\" decoding=\"async\" width=\"750\" height=\"563\" alt=\"\" class=\"wp-block-jetpack-slideshow_image wp-image-169\" data-id=\"169\" src=\"https:\/\/i0.wp.com\/ricouconstruction.fr\/wp-content\/uploads\/2021\/06\/b716f-img_7604.jpg?resize=750%2C563&#038;ssl=1\" \/><\/figure><\/li><li class=\"wp-block-jetpack-slideshow_slide swiper-slide\"><figure><img data-recalc-dims=\"1\" loading=\"lazy\" decoding=\"async\" width=\"750\" height=\"750\" alt=\"\" class=\"wp-block-jetpack-slideshow_image wp-image-107\" data-id=\"107\" src=\"https:\/\/i0.wp.com\/ricouconstruction.fr\/wp-content\/uploads\/2021\/06\/94e27-img_1750.jpg?resize=750%2C750&#038;ssl=1\" \/><\/figure><\/li><li class=\"wp-block-jetpack-slideshow_slide swiper-slide\"><figure><img data-recalc-dims=\"1\" loading=\"lazy\" decoding=\"async\" width=\"750\" height=\"563\" alt=\"\" class=\"wp-block-jetpack-slideshow_image wp-image-489\" data-id=\"489\" src=\"https:\/\/i0.wp.com\/ricouconstruction.fr\/wp-content\/uploads\/2021\/06\/9d0f0-img_6127.jpg?resize=750%2C563&#038;ssl=1\" \/><\/figure><\/li><li class=\"wp-block-jetpack-slideshow_slide swiper-slide\"><figure><img data-recalc-dims=\"1\" loading=\"lazy\" decoding=\"async\" width=\"480\" height=\"360\" alt=\"\" class=\"wp-block-jetpack-slideshow_image wp-image-507\" data-id=\"507\" src=\"https:\/\/i0.wp.com\/ricouconstruction.fr\/wp-content\/uploads\/2021\/06\/e817b-img_6139-e1623671232453.jpg?resize=480%2C360&#038;ssl=1\" \/><\/figure><\/li><li class=\"wp-block-jetpack-slideshow_slide swiper-slide\"><figure><img data-recalc-dims=\"1\" loading=\"lazy\" decoding=\"async\" width=\"750\" height=\"422\" alt=\"\" class=\"wp-block-jetpack-slideshow_image wp-image-525\" data-id=\"525\" src=\"https:\/\/i0.wp.com\/ricouconstruction.fr\/wp-content\/uploads\/2021\/06\/481ad-hernot-004.jpg?resize=750%2C422&#038;ssl=1\" \/><\/figure><\/li><li class=\"wp-block-jetpack-slideshow_slide swiper-slide\"><figure><img data-recalc-dims=\"1\" loading=\"lazy\" decoding=\"async\" width=\"750\" height=\"563\" alt=\"\" class=\"wp-block-jetpack-slideshow_image wp-image-582\" data-id=\"582\" src=\"https:\/\/i0.wp.com\/ricouconstruction.fr\/wp-content\/uploads\/2021\/06\/c4586-img_4152.jpg?resize=750%2C563&#038;ssl=1\" \/><\/figure><\/li><li class=\"wp-block-jetpack-slideshow_slide swiper-slide\"><figure><img data-recalc-dims=\"1\" loading=\"lazy\" decoding=\"async\" width=\"750\" height=\"469\" alt=\"\" class=\"wp-block-jetpack-slideshow_image wp-image-587\" data-id=\"587\" src=\"https:\/\/i0.wp.com\/ricouconstruction.fr\/wp-content\/uploads\/2021\/06\/155af-veterinaire_guerlesquin_1-2.jpg?resize=750%2C469&#038;ssl=1\" \/><\/figure><\/li><\/ul><a class=\"wp-block-jetpack-slideshow_button-prev swiper-button-prev swiper-button-white\" role=\"button\"><\/a><a class=\"wp-block-jetpack-slideshow_button-next swiper-button-next swiper-button-white\" role=\"button\"><\/a><a aria-label=\"Pause Slideshow\" class=\"wp-block-jetpack-slideshow_button-pause\" role=\"button\"><\/a><div class=\"wp-block-jetpack-slideshow_pagination swiper-pagination swiper-pagination-white\"><\/div><\/div><\/div>\n<\/div>\n<\/div>\n\n\n\n<div style=\"height:100px\" aria-hidden=\"true\" class=\"wp-block-spacer\"><\/div>\n\n\n\n<div class=\"wp-block-columns alignfull are-vertically-aligned-center has-background is-layout-flex wp-container-core-columns-is-layout-7387b849 wp-block-columns-is-layout-flex\" style=\"background-color:#cfcfcf\">\n<div class=\"wp-block-column is-vertically-aligned-center is-layout-flow wp-block-column-is-layout-flow\" style=\"flex-basis:100%\">\n<p class=\"has-text-align-center wp-block-paragraph\"><a href=\"https:\/\/ricouconstruction.fr\/950-2\/\" target=\"_blank\" rel=\"noreferrer noopener\">Mentions L\u00e9gales<\/a> &#8211;<a rel=\"noreferrer noopener\" href=\"https:\/\/ricouconstruction.fr\/articles-de-presse-2\/\" target=\"_blank\"> Articles de presse<\/a><\/p>\n\n\n\n<p class=\"has-text-align-center wp-block-paragraph\">RICOU PERE ET FILS &#8211; Rue des Erables &#8211; ZA de Kervanon &#8211; 29610 Plouigneau &#8211; 02.98.78.62.27 &#8211; <a href=\"mailto:sarl.ricou@wanadoo.fr\" target=\"_blank\" rel=\"noreferrer noopener\">sarl.ricou@wanadoo.fr<\/a><\/p>\n<\/div>\n<\/div>\n\n\n\n<p class=\"wp-block-paragraph\"><strong>\ufeff<\/strong><\/p>\n","protected":false},"excerpt":{"rendered":"<p>R\u00e9novations Pour plus de confort \u00e9nerg\u00e9tique ou encore d&rsquo;esth\u00e9tique, la r\u00e9novation est aujourd&rsquo;hui courante et permet un agrandissement de la surface habitable tout en augmentant aussi la valeur du bien. Cela peut vous permettre de faire des \u00e9conomies de prix dans certains cas ou encore de rendre une maison plus moderne. La r\u00e9novation d\u2019une maison<a class=\"more-link\" href=\"https:\/\/ricouconstruction.fr\/\">Lire la suite <\/a><\/p>\n","protected":false},"author":207747822,"featured_media":0,"parent":0,"menu_order":1,"comment_status":"closed","ping_status":"closed","template":"","meta":{"_coblocks_attr":"","_coblocks_dimensions":"","_coblocks_responsive_height":"","_coblocks_accordion_ie_support":"","_crdt_document":"","advanced_seo_description":"","jetpack_seo_html_title":"","jetpack_seo_noindex":false,"jetpack_post_was_ever_published":false,"footnotes":""},"class_list":["post-6","page","type-page","status-publish","hentry","entry"],"jetpack_likes_enabled":null,"jetpack_sharing_enabled":false,"jetpack_shortlink":"https:\/\/wp.me\/Pd9Ai9-6","amp_enabled":false,"_links":{"self":[{"href":"https:\/\/ricouconstruction.fr\/index.php?rest_route=\/wp\/v2\/pages\/6","targetHints":{"allow":["GET"]}}],"collection":[{"href":"https:\/\/ricouconstruction.fr\/index.php?rest_route=\/wp\/v2\/pages"}],"about":[{"href":"https:\/\/ricouconstruction.fr\/index.php?rest_route=\/wp\/v2\/types\/page"}],"author":[{"embeddable":true,"href":"https:\/\/ricouconstruction.fr\/index.php?rest_route=\/wp\/v2\/users\/207747822"}],"replies":[{"embeddable":true,"href":"https:\/\/ricouconstruction.fr\/index.php?rest_route=%2Fwp%2Fv2%2Fcomments&post=6"}],"version-history":[{"count":31,"href":"https:\/\/ricouconstruction.fr\/index.php?rest_route=\/wp\/v2\/pages\/6\/revisions"}],"predecessor-version":[{"id":1052,"href":"https:\/\/ricouconstruction.fr\/index.php?rest_route=\/wp\/v2\/pages\/6\/revisions\/1052"}],"wp:attachment":[{"href":"https:\/\/ricouconstruction.fr\/index.php?rest_route=%2Fwp%2Fv2%2Fmedia&parent=6"}],"curies":[{"name":"wp","href":"https:\/\/api.w.org\/{rel}","templated":true}]}}